{"id":237,"date":"2021-12-03T16:21:40","date_gmt":"2021-12-03T16:21:40","guid":{"rendered":"https:\/\/websitebuilder-demo.net\/digitalwork\/?page_id=138"},"modified":"2025-06-27T14:31:20","modified_gmt":"2025-06-27T17:31:20","slug":"demo-contact","status":"publish","type":"page","link":"https:\/\/ivalumagenciacreativa.com\/index.php\/demo-contact\/","title":{"rendered":"Contacto"},"content":{"rendered":"<div class=\"brz-root__container brz-reset-all\">\n<section data-uid=\"eqjcwhnsutvxrviuvwflaqmzynmxpoqfwzji\" id=\"eqjcwhnsutvxrviuvwflaqmzynmxpoqfwzji\" class=\"brz-section brz-css-xfiel\">\n<div class=\"brz-section__content brz-section--boxed brz-css-vewzu brz-css-gdkpe\" data-custom-id=\"nulrqmsjwwibuywnhgcialsnsweflsveybyp\">\n<div class=\"brz-container brz-css-xoefv\">\n<div class=\"brz-css-tmntp brz-wrapper\">\n<div class=\"brz-menu-simple brz-css-ovrhx brz-css-ougte\">\n<div style=\"min-height:20px\">\n<div class=\"menu-menu-principal-container\">\n<ul id=\"menu-menu-principal\" class=\"menu\">\n<li id=\"menu-item-898\" class=\"menu-item menu-item-type-post_type menu-item-object-page menu-item-home menu-item-898\"><a href=\"https:\/\/ivalumagenciacreativa.com\/\">Inicio<\/a><\/li>\n<li id=\"menu-item-902\" class=\"menu-item menu-item-type-post_type menu-item-object-page menu-item-902\"><a href=\"https:\/\/ivalumagenciacreativa.com\/index.php\/demo-services\/\">Servicios<\/a><\/li>\n<li id=\"menu-item-900\" class=\"menu-item menu-item-type-post_type menu-item-object-page menu-item-900\"><a href=\"https:\/\/ivalumagenciacreativa.com\/index.php\/demo-portfolio\/\">Portafolio<\/a><\/li>\n<li id=\"menu-item-899\" class=\"menu-item menu-item-type-post_type menu-item-object-page current-menu-item page_item page-item-237 current_page_item menu-item-899\"><a href=\"https:\/\/ivalumagenciacreativa.com\/index.php\/demo-contact\/\" aria-current=\"page\">Contacto<\/a><\/li>\n<li id=\"menu-item-901\" class=\"menu-item menu-item-type-post_type menu-item-object-page menu-item-901\"><a href=\"https:\/\/ivalumagenciacreativa.com\/index.php\/brizy-477\/\">Promociones<\/a><\/li>\n<\/ul>\n<\/div>\n<\/div>\n<\/div>\n<\/div>\n<\/div>\n<\/div>\n<\/section>\n<section data-uid=\"nypfctnldnqjtvrzrlhchlycpgzjmnhzfgvz\" id=\"nypfctnldnqjtvrzrlhchlycpgzjmnhzfgvz\" class=\"brz-section brz-css-xfiel\">\n<div class=\"brz-section__content brz-section--boxed brz-css-vewzu brz-css-kcuwa\" data-custom-id=\"vdqfwwauteyhvtyakrbqxstiieykogqtlfcq\">\n<div class=\"brz-bg overflow-hidden !z-auto absolute top-0 left-0 w-full h-full\">\n<div class=\"brz-bg-image absolute top-0 left-0 w-full h-full bg-no-repeat bg-cover\"><\/div>\n<\/div>\n<div class=\"brz-container brz-css-xoefv brz-css-ccuoc\">\n<div class=\"brz-css-tmntp brz-wrapper\">\n<div class=\"brz-rich-text brz-rich-text__custom brz-css-avvot\" data-custom-id=\"drlvcgfrixsfoauknzbsspjojlwfbwosljun\">\n<div>\n<p class=\"brz-css-kldsy\" data-uniq-id=\"fmcwa\" data-generated-css=\"brz-css-agqxw\"><span style=\"opacity: 1\" class=\"brz-cp-color8\">Contacto<\/span><\/p>\n<\/div>\n<\/div>\n<\/div>\n<\/div>\n<\/div>\n<\/section>\n<section data-uid=\"euvikimxlqtpeluzpfwpptdgoqvmvnlmjusq\" id=\"euvikimxlqtpeluzpfwpptdgoqvmvnlmjusq\" class=\"brz-section brz-css-xfiel\">\n<div class=\"brz-section__content brz-section--boxed brz-css-vewzu brz-css-llrkp\" data-custom-id=\"sgifdllxsxlaxxmczxeodbnrhtdlyqnieqcs\">\n<div class=\"brz-container brz-css-xoefv\">\n<div class=\"brz-css-tmntp brz-css-ihdwi brz-wrapper\">\n<div class=\"brz-image brz-css-ikwqc brz-css-vpglw\" data-custom-id=\"ijqlndandznqzrijrcdkmrbrfpmasrfoxhjf\"><img decoding=\"async\" class=\"brz-img\" src=\"https:\/\/ivalumagenciacreativa.com\/wp-content\/uploads\/brizy\/imgs\/51626f0386a63b697a1f663797cc55f5-1170x878x0x272x1170x562x1686463324.jpg\" alt=\"\" loading=\"lazy\"><\/div>\n<\/div>\n<div class=\"brz-css-tmntp brz-css-guthg brz-wrapper\">\n<div class=\"brz-spacer brz-css-bjnwu brz-css-qqjtk\"><\/div>\n<\/div>\n<div class=\"brz-row__container brz-css-wfuqg brz-css-fcuga\" data-custom-id=\"lfzliqtvflwphjtsooamcglbaaizafksfsnl\">\n<div class=\"brz-bg overflow-hidden !z-auto absolute top-0 left-0 w-full h-full\"><\/div>\n<div class=\"brz-row brz-css-jnypo brz-css-qxtom\">\n<div class=\"brz-columns brz-css-twwma brz-css-fxeny\" data-custom-id=\"jjskjssamxeiacpdpkvqyxrneqewfvovkbbo\">\n<div class=\"brz-bg overflow-hidden !z-auto absolute top-0 left-0 w-full h-full\"><\/div>\n<div class=\"brz-column__items brz-css-gcamd\">\n<div class=\"brz-css-tmntp brz-wrapper\">\n<div class=\"brz-rich-text brz-rich-text__custom brz-css-avvot\" data-custom-id=\"xiqunakgotxxsbslktexhwmzvqrkbvlxbtns\">\n<div>\n<p class=\"brz-css-kobzd\" data-uniq-id=\"semlp\" data-generated-css=\"brz-css-zipwy\">Sumate a nuestra comunidad<\/p>\n<\/div>\n<\/div>\n<\/div>\n<div class=\"brz-css-tmntp brz-css-emouk brz-wrapper\">\n<div class=\"brz-rich-text brz-rich-text__custom brz-css-avvot\" data-custom-id=\"gnwkyybxbethvojagrpmuttnbgzuvppwnycf\">\n<div>\n<p class=\"brz-css-fesck\" data-generated-css=\"brz-css-odgfw\" data-uniq-id=\"nrtkm\">\u00a1Trabajemos juntos!<\/p>\n<p class=\"brz-css-dcwzd\" data-generated-css=\"brz-css-zuqzq\" data-uniq-id=\"lombs\">Estoy ansiosa de escuchar sobre tu proyecto.<\/p>\n<\/div>\n<\/div>\n<\/div>\n<div class=\"brz-css-tmntp brz-css-guthg brz-wrapper\">\n<div class=\"brz-spacer brz-css-bjnwu brz-css-qkpud\"><\/div>\n<\/div>\n<\/div>\n<\/div>\n<\/div>\n<\/div>\n<div class=\"brz-row__container brz-css-wfuqg brz-css-frpgb\" data-custom-id=\"rodjwegqycxltqglmxqejnmsawhwjldbqjuw\">\n<div class=\"brz-bg overflow-hidden !z-auto absolute top-0 left-0 w-full h-full\">\n<div class=\"brz-bg-color absolute top-0 left-0 w-full h-full\"><\/div>\n<\/div>\n<div class=\"brz-row brz-css-jnypo brz-css-zwvcc\">\n<div class=\"brz-columns brz-css-twwma brz-css-gmlgs\" data-custom-id=\"hbnebhwhuvgidzhajozqioorwnrmrjwrwaky\">\n<div class=\"brz-bg overflow-hidden !z-auto absolute top-0 left-0 w-full h-full\"><\/div>\n<div class=\"brz-column__items brz-css-gcamd\">\n<div class=\"brz-css-tmntp brz-wrapper\">\n<div class=\"brz-image brz-css-sxdcn\" data-custom-id=\"oyrjfpadnyeljydyahvaraqtywmykswjilbu\"><img decoding=\"async\" class=\"brz-img\" src=\"https:\/\/ivalumagenciacreativa.com\/wp-content\/uploads\/brizy\/imgs\/red-internet-trabajo-linea-man-manos-hombre-negocios-usando-laptop-escribiendo-teclado-navegando-scaled-817x545x136x0x545x545x1686801845.jpg\" alt=\"\" loading=\"lazy\"><\/div>\n<\/div>\n<div class=\"brz-wrapper-clone brz-css-rizdg\">\n<div class=\"brz-d-xs-flex brz-flex-xs-wrap brz-css-bjhcq\">\n<div class=\"brz-wrapper-clone__item brz-css-pmgwa\" id=\"piidlukrenvkkuqqygynknkboeciuvkjkmgv\"><a class=\"brz-a brz-btn brz-css-awiok brz-css-ozpar\" href=\"mailto:?subject=ivalum.agenciacreativa%40gmail.com&amp;body=%C2%A1Hola!%20Mi%20nombre%20es%20%20(nombre%20y%20apellido%20%2B%20toda%20la%20info%20que%20solicitamos%20en%20nuestra%20p%C3%A1gina)%20%20y%20estoy%20interesado%20en%20recibir%20informacion%20sobre%20el%20servicio%20de%20(escribir%20cual%20servicio%20le%20interesa%20aqui)%20%0D%0A\" data-brz-link-type=\"external\" data-custom-id=\"piidlukrenvkkuqqygynknkboeciuvkjkmgv\"><span class=\"brz-span brz-text__editor\">ENVIAR CORREO<\/span><\/a><\/div>\n<\/div>\n<\/div>\n<\/div>\n<\/div>\n<div class=\"brz-columns brz-css-twwma brz-css-xnkox\" data-custom-id=\"hdcwvvidadqgimrgpyjgmaxkxzphnuxosjsw\">\n<div class=\"brz-bg overflow-hidden !z-auto absolute top-0 left-0 w-full h-full\"><\/div>\n<div class=\"brz-column__items brz-css-gcamd\"><\/div>\n<\/div>\n<div class=\"brz-columns brz-css-twwma brz-css-pzavb\" data-custom-id=\"qaloaubnxlttsngrwinfwkhmpbwebchwjxmw\">\n<div class=\"brz-bg overflow-hidden !z-auto absolute top-0 left-0 w-full h-full\">\n<div class=\"brz-bg-image absolute top-0 left-0 w-full h-full bg-no-repeat bg-cover\"><\/div>\n<div class=\"brz-bg-color absolute top-0 left-0 w-full h-full\"><\/div>\n<\/div>\n<div class=\"brz-column__items brz-css-gcamd brz-css-fmjhn\">\n<div class=\"brz-css-tmntp brz-wrapper\">\n<div class=\"brz-rich-text brz-rich-text__custom brz-css-avvot\" data-custom-id=\"drfhylitnajuophtqwhiexedorzipinypccw\">\n<div>\n<p class=\"brz-css-qdqxv\" data-generated-css=\"brz-css-bjprw\" data-uniq-id=\"ebplz\"><span style=\"opacity: 1\" class=\"brz-cp-color8\">Ser\u00eda genial si puedes completar los siguientes puntos para entender mejor tus necesidades.<\/span><\/p>\n<\/div>\n<\/div>\n<\/div>\n<div class=\"brz-css-tmntp brz-css-guthg brz-css-hwcfo brz-wrapper\">\n<div class=\"brz-spacer brz-css-bjnwu brz-css-zbiab\"><\/div>\n<\/div>\n<div class=\"brz-css-tmntp brz-wrapper\">\n<div class=\"brz-icon-text brz-css-xghqy\" data-custom-id=\"nvjnhesxuiupbyxvbioqqvbjngwczlafpoid\">\n<div class=\"brz-icon__container\" data-custom-id=\"fjtezlbwnjifppojamxodionxiybuzpenzfs\"><span class=\"brz-icon brz-span brz-css-tidpo brz-css-sitvn\"><\/span><\/div>\n<div class=\"brz-text-btn\">\n<div class=\"brz-rich-text brz-rich-text__custom brz-css-avvot\" data-custom-id=\"zcravlpgdhgvlbwhodyeoqzohgnwwyszsufk\">\n<div>\n<p class=\"brz-css-usdhv\" data-uniq-id=\"petrf\" data-generated-css=\"brz-css-gnocl\"><span style=\"opacity: 1\" class=\"brz-cp-color8\">Tu producto\/servicio (si es online o f\u00edsico) y de d\u00f3nde nos escribes.<\/span><\/p>\n<\/div>\n<\/div>\n<\/div>\n<\/div>\n<\/div>\n<div class=\"brz-css-tmntp brz-wrapper\">\n<div class=\"brz-icon-text brz-css-xghqy\" data-custom-id=\"ngyklfxutramhzhbuelnjhdflucdvobmdtwh\">\n<div class=\"brz-icon__container\" data-custom-id=\"hgrujaqlkorwjrecqecvdodpiisnezdiwwzv\"><span class=\"brz-icon brz-span brz-css-tidpo brz-css-bpbrl\"><\/span><\/div>\n<div class=\"brz-text-btn\">\n<div class=\"brz-rich-text brz-rich-text__custom brz-css-avvot\" data-custom-id=\"ysbewlgxtkarpawlznpyjjdcvwdqlgtpqxxx\">\n<div>\n<p class=\"brz-css-yvwwt\" data-uniq-id=\"ppfhl\" data-generated-css=\"brz-css-rfmyi\"><span style=\"opacity: 1\" class=\"brz-cp-color8\">A qu\u00e9 publico le vendes o te diriges <\/span><\/p>\n<\/div>\n<\/div>\n<\/div>\n<\/div>\n<\/div>\n<div class=\"brz-css-tmntp brz-wrapper\">\n<div class=\"brz-icon-text brz-css-xghqy\" data-custom-id=\"lermsfkrhorqavyevmxcyqwvnzckmknsxafj\">\n<div class=\"brz-icon__container\" data-custom-id=\"axkanjyksaqvazddqoknrtlqsbljmtahukhr\"><span class=\"brz-icon brz-span brz-css-tidpo brz-css-qgtbz\"><\/span><\/div>\n<div class=\"brz-text-btn\">\n<div class=\"brz-rich-text brz-rich-text__custom brz-css-avvot\" data-custom-id=\"iclnnxkdqwemkdvdjznggqevnvywcefpqriz\">\n<div>\n<p class=\"brz-css-nvqtb\" data-uniq-id=\"sdxhb\" data-generated-css=\"brz-css-vzscz\"><span style=\"opacity: 1\" class=\"brz-cp-color8\">Tu rol, responsabilidades e info acerca de la empresa o emprendimiento.<\/span><\/p>\n<\/div>\n<\/div>\n<\/div>\n<\/div>\n<\/div>\n<div class=\"brz-css-tmntp brz-wrapper\">\n<div class=\"brz-icon-text brz-css-xghqy\" data-custom-id=\"femuetcfovybknvyqnduhyvttxfoglkcgkww\">\n<div class=\"brz-icon__container\" data-custom-id=\"geeirrtgvzzyahtganifjmoaocuabzepqoug\"><span class=\"brz-icon brz-span brz-css-tidpo brz-css-suynq\"><\/span><\/div>\n<div class=\"brz-text-btn\">\n<div class=\"brz-rich-text brz-rich-text__custom brz-css-avvot\" data-custom-id=\"aygousngnglwwdbvwrdmtdgcoyrcoqihwkpe\">\n<div>\n<p class=\"brz-css-siovj\" data-uniq-id=\"yrgwf\" data-generated-css=\"brz-css-dtepn\"><span style=\"opacity: 1\" class=\"brz-cp-color8\">Problema a solucionar u objetivos que buscas lograr\/potenciar.<\/span><\/p>\n<\/div>\n<\/div>\n<\/div>\n<\/div>\n<\/div>\n<\/div>\n<\/div>\n<\/div>\n<\/div>\n<div class=\"brz-css-tmntp brz-css-guthg brz-wrapper\">\n<div class=\"brz-spacer brz-css-bjnwu brz-css-blxfr\"><\/div>\n<\/div>\n<div class=\"brz-css-tmntp brz-css-qbjxp brz-wrapper\">\n<div class=\"brz-rich-text brz-rich-text__custom brz-css-avvot\" data-custom-id=\"juadfwcknbuyihbhizasdmoxswsxiqvpnezs\">\n<div>\n<p class=\"brz-css-abiks\" data-uniq-id=\"rohek\" data-generated-css=\"brz-css-jomrk\"><span class=\"brz-cp-color6\">Nuestra Direcci\u00f3n<\/span><\/p>\n<\/div>\n<\/div>\n<\/div>\n<div class=\"brz-css-tmntp brz-wrapper\">\n<div class=\"brz-rich-text brz-rich-text__custom brz-css-avvot\" data-custom-id=\"ugreelhdvbbnsqgzesdfindxxestdccdxxzz\">\n<div>\n<p class=\"brz-css-xctab\" data-uniq-id=\"pdsfu\" data-generated-css=\"brz-css-zabbw\">Calle Antelo 585 Federal, Entre R\u00edos, Argentina.<\/p>\n<\/div>\n<\/div>\n<\/div>\n<div class=\"brz-css-tmntp brz-css-guthg brz-wrapper\">\n<div class=\"brz-spacer brz-css-bjnwu brz-css-zzkvw\"><\/div>\n<\/div>\n<div class=\"brz-css-tmntp brz-css-dkecn brz-wrapper\">\n<div class=\"brz-rich-text brz-rich-text__custom brz-css-avvot\" data-custom-id=\"ttfbewdjqlwdygxacknbmanplykgcngzktgg\">\n<div>\n<p class=\"brz-css-ruygq\" data-uniq-id=\"bdnhj\" data-generated-css=\"brz-css-tnseu\"><span class=\"brz-cp-color6\">Celular<\/span><\/p>\n<\/div>\n<\/div>\n<\/div>\n<div class=\"brz-css-tmntp brz-wrapper\">\n<div class=\"brz-rich-text brz-rich-text__custom brz-css-avvot\" data-custom-id=\"iivjaxqfcuvfspknyipsbtqpgyzgrjvezhxm\">\n<div>\n<p class=\"brz-css-jwaef\" data-uniq-id=\"smjje\" data-generated-css=\"brz-css-prqmz\"><a class=\"link--external\" href=\"https:\/\/wa.me\/3454406590\" data-brz-link-type=\"external\" target=\"_blank\">+54 3454 406590<\/a><\/p>\n<\/div>\n<\/div>\n<\/div>\n<div class=\"brz-css-tmntp brz-css-guthg brz-wrapper\">\n<div class=\"brz-spacer brz-css-bjnwu brz-css-utqqs\"><\/div>\n<\/div>\n<div class=\"brz-css-tmntp brz-css-iewxt brz-wrapper\">\n<div class=\"brz-rich-text brz-rich-text__custom brz-css-avvot\" data-custom-id=\"dmdtynwypvwtkzztsdtmkbqyyvspekxesird\">\n<div>\n<p class=\"brz-css-edbmm\" data-uniq-id=\"ftewk\" data-generated-css=\"brz-css-embnp\"><span class=\"brz-cp-color6\">Email<\/span><\/p>\n<\/div>\n<\/div>\n<\/div>\n<div class=\"brz-css-tmntp brz-wrapper\">\n<div class=\"brz-rich-text brz-rich-text__custom brz-css-avvot\" data-custom-id=\"wygvrdzbxetryicezhiqcggegsnejwcyzqlp\">\n<div>\n<p class=\"brz-css-islfg\" data-uniq-id=\"extfn\" data-generated-css=\"brz-css-iwqxb\">ivalum.agenciacreativa<span class=\"brz-pre-population-visible\">@gmail.com<\/span><\/p>\n<\/div>\n<\/div>\n<\/div>\n<div class=\"brz-css-tmntp brz-css-guthg brz-wrapper\">\n<div class=\"brz-spacer brz-css-bjnwu brz-css-qfshx\"><\/div>\n<\/div>\n<div class=\"brz-css-tmntp brz-wrapper\">\n<div class=\"brz-line brz-line-default brz-css-xdblt brz-css-fmmzo\" data-custom-id=\"cdhdxuxtfspltagfmuqtwtcjyiyjezvtbczm\">\n<hr class=\"brz-hr\"><\/div>\n<\/div>\n<div class=\"brz-css-tmntp brz-css-guthg brz-wrapper\">\n<div class=\"brz-spacer brz-css-bjnwu brz-css-vndjd\"><\/div>\n<\/div>\n<div class=\"brz-wrapper-clone brz-css-rizdg\">\n<div class=\"brz-d-xs-flex brz-flex-xs-wrap brz-css-bjhcq brz-css-mwaau\">\n<div class=\"brz-wrapper-clone__item brz-css-pmgwa brz-css-akjxh\" id=\"kdpoawehheqfliahiyovjviiigutknmxqhys\">\n<div class=\"brz-icon__container\" data-custom-id=\"kdpoawehheqfliahiyovjviiigutknmxqhys\"><span class=\"brz-icon brz-span brz-css-tidpo brz-css-bhclp\"><\/span><\/div>\n<\/div>\n<div class=\"brz-wrapper-clone__item brz-css-pmgwa brz-css-akjxh\" id=\"ccxqymhsyehxnowpiafbsxnitzjxzrkgcwpk\">\n<div class=\"brz-icon__container\" data-custom-id=\"ccxqymhsyehxnowpiafbsxnitzjxzrkgcwpk\"><span class=\"brz-icon brz-span brz-css-tidpo brz-css-riiyr\"><\/span><\/div>\n<\/div>\n<div class=\"brz-wrapper-clone__item brz-css-pmgwa brz-css-akjxh\" id=\"wqcrahturghkatdhyfhwydpajlxwnojpawvp\">\n<div class=\"brz-icon__container\" data-custom-id=\"wqcrahturghkatdhyfhwydpajlxwnojpawvp\"><span class=\"brz-icon brz-span brz-css-tidpo brz-css-ufsqv\"><\/span><\/div>\n<\/div>\n<div class=\"brz-wrapper-clone__item brz-css-pmgwa brz-css-akjxh\" id=\"jjxarfvuzoehkmfumqjhhgdmqgjprrrwgyta\">\n<div class=\"brz-icon__container\" data-custom-id=\"jjxarfvuzoehkmfumqjhhgdmqgjprrrwgyta\"><span class=\"brz-icon brz-span brz-css-tidpo brz-css-syljv\"><\/span><\/div>\n<\/div>\n<\/div>\n<\/div>\n<\/div>\n<\/div>\n<\/section>\n<section data-uid=\"zuqzsczxqzpetgpcwygfwbettehubiujerpg\" id=\"zuqzsczxqzpetgpcwygfwbettehubiujerpg\" class=\"brz-section brz-css-xfiel\">\n<div class=\"brz-section__content brz-section--fullWidth brz-css-vewzu brz-css-jlnwf\" data-custom-id=\"ysaktcjsodaalpkmkrrzphsptubctsbnzvod\">\n<div class=\"brz-container brz-css-xoefv brz-css-dhsxn\">\n<div class=\"brz-css-tmntp brz-css-obaza brz-wrapper\">\n<div class=\"brz-map brz-map_styles brz-css-jtceh brz-css-shrfq\" data-custom-id=\"odqepfsxbuecahhkcmhdzfmhvrzlmhmdhmkd\">\n<div class=\"brz-map-content\"><\/div>\n<\/div>\n<\/div>\n<\/div>\n<\/div>\n<\/section>\n<section data-uid=\"zgoblbegtwyiuagskvqydlqzhqfbzftujgaz\" id=\"zgoblbegtwyiuagskvqydlqzhqfbzftujgaz\" class=\"brz-section brz-css-xfiel\">\n<div class=\"brz-section__content brz-section--boxed brz-css-vewzu\" data-custom-id=\"nvbcvtjtfkrwdmaapvdoqjkcbzywkrxnjbqr\">\n<div class=\"brz-container brz-css-xoefv\">\n<div class=\"brz-css-tmntp brz-wrapper\">\n<div class=\"brz-menu-simple brz-css-ovrhx brz-css-iiqcf\">\n<div style=\"min-height:20px\">\n<div class=\"menu-menu-principal-container\">\n<ul id=\"menu-menu-principal-1\" class=\"menu\">\n<li class=\"menu-item menu-item-type-post_type menu-item-object-page menu-item-home menu-item-898\"><a href=\"https:\/\/ivalumagenciacreativa.com\/\">Inicio<\/a><\/li>\n<li class=\"menu-item menu-item-type-post_type menu-item-object-page menu-item-902\"><a href=\"https:\/\/ivalumagenciacreativa.com\/index.php\/demo-services\/\">Servicios<\/a><\/li>\n<li class=\"menu-item menu-item-type-post_type menu-item-object-page menu-item-900\"><a href=\"https:\/\/ivalumagenciacreativa.com\/index.php\/demo-portfolio\/\">Portafolio<\/a><\/li>\n<li class=\"menu-item menu-item-type-post_type menu-item-object-page current-menu-item page_item page-item-237 current_page_item menu-item-899\"><a href=\"https:\/\/ivalumagenciacreativa.com\/index.php\/demo-contact\/\" aria-current=\"page\">Contacto<\/a><\/li>\n<li class=\"menu-item menu-item-type-post_type menu-item-object-page menu-item-901\"><a href=\"https:\/\/ivalumagenciacreativa.com\/index.php\/brizy-477\/\">Promociones<\/a><\/li>\n<\/ul>\n<\/div>\n<\/div>\n<\/div>\n<\/div>\n<\/div>\n<\/div>\n<\/section>\n<\/div>\n<p>    <!-- version:1751045480 --><\/p>\n","protected":false},"excerpt":{"rendered":"<p>Inicio Servicios Portafolio Contacto Promociones Contacto Sumate a nuestra comunidad \u00a1Trabajemos juntos! Estoy ansiosa de escuchar sobre tu proyecto. ENVIAR CORREO Ser\u00eda genial si puedes completar los siguientes puntos para entender mejor tus necesidades. Tu producto\/servicio (si es online o f\u00edsico) y de d\u00f3nde nos escribes. A qu\u00e9 publico le vendes o te diriges Tu [&hellip;]<\/p>\n","protected":false},"author":1,"featured_media":0,"parent":0,"menu_order":0,"comment_status":"closed","ping_status":"closed","template":"brizy-blank-template.php","meta":{"_mi_skip_tracking":false,"_monsterinsights_sitenote_active":false,"_monsterinsights_sitenote_note":"","_monsterinsights_sitenote_category":0,"footnotes":""},"class_list":["post-237","page","type-page","status-publish","hentry"],"_links":{"self":[{"href":"https:\/\/ivalumagenciacreativa.com\/index.php\/wp-json\/wp\/v2\/pages\/237","targetHints":{"allow":["GET"]}}],"collection":[{"href":"https:\/\/ivalumagenciacreativa.com\/index.php\/wp-json\/wp\/v2\/pages"}],"about":[{"href":"https:\/\/ivalumagenciacreativa.com\/index.php\/wp-json\/wp\/v2\/types\/page"}],"author":[{"embeddable":true,"href":"https:\/\/ivalumagenciacreativa.com\/index.php\/wp-json\/wp\/v2\/users\/1"}],"replies":[{"embeddable":true,"href":"https:\/\/ivalumagenciacreativa.com\/index.php\/wp-json\/wp\/v2\/comments?post=237"}],"version-history":[{"count":17,"href":"https:\/\/ivalumagenciacreativa.com\/index.php\/wp-json\/wp\/v2\/pages\/237\/revisions"}],"predecessor-version":[{"id":1282,"href":"https:\/\/ivalumagenciacreativa.com\/index.php\/wp-json\/wp\/v2\/pages\/237\/revisions\/1282"}],"wp:attachment":[{"href":"https:\/\/ivalumagenciacreativa.com\/index.php\/wp-json\/wp\/v2\/media?parent=237"}],"curies":[{"name":"wp","href":"https:\/\/api.w.org\/{rel}","templated":true}]}}